{"id":228,"date":"2020-09-06T14:59:39","date_gmt":"2020-09-06T12:59:39","guid":{"rendered":"http:\/\/timoreinke.de\/?page_id=228"},"modified":"2021-08-03T15:02:14","modified_gmt":"2021-08-03T13:02:14","slug":"transfer","status":"publish","type":"page","link":"https:\/\/timoreinke.de\/?page_id=228","title":{"rendered":"transfer"},"content":{"rendered":"\n<p class=\"has-text-align-center\"><strong>\u00dcber diese Seite k\u00f6nnt ihr unsere Fotos herunterladen und eure Fotos an uns senden&#8230;<\/strong><\/p>\n\n\n\n<div class=\"wp-block-buttons is-content-justification-center is-layout-flex wp-block-buttons-is-layout-flex\">\n<div class=\"wp-block-button\"><a class=\"wp-block-button__link has-background-color has-primary-background-color has-text-color has-background\" href=\"http:\/\/transfer.timoreinke.de\/index.php\/s\/YXHcy497ZZ2B9As\" target=\"_blank\" rel=\"noopener noreferrer\">Download<\/a><\/div>\n<\/div>\n\n\n\n<div class=\"wp-block-buttons is-content-justification-center is-layout-flex wp-block-buttons-is-layout-flex\">\n<div class=\"wp-block-button is-style-fill\"><a class=\"wp-block-button__link has-background-color has-primary-background-color has-text-color has-background\" href=\"http:\/\/transfer.timoreinke.de\/index.php\/s\/LpRXDiqLNsBB2bG\" target=\"_blank\" rel=\"noreferrer noopener\">Upload<\/a><\/div>\n<\/div>\n\n\n\n<p class=\"has-text-align-center\"><strong>Das ben\u00f6tigte Passwort erhaltet ihr nat\u00fcrlich von uns.<\/strong><\/p>\n","protected":false},"excerpt":{"rendered":"<p>\u00dcber diese Seite k\u00f6nnt ihr unsere Fotos herunterladen und eure Fotos an uns senden&#8230; Das ben\u00f6tigte Passwort erhaltet ihr nat\u00fcrlich von uns.<\/p>\n","protected":false},"author":1,"featured_media":0,"parent":0,"menu_order":0,"comment_status":"closed","ping_status":"closed","template":"","meta":{"footnotes":""},"class_list":["post-228","page","type-page","status-publish","hentry"],"_links":{"self":[{"href":"https:\/\/timoreinke.de\/index.php?rest_route=\/wp\/v2\/pages\/228","targetHints":{"allow":["GET"]}}],"collection":[{"href":"https:\/\/timoreinke.de\/index.php?rest_route=\/wp\/v2\/pages"}],"about":[{"href":"https:\/\/timoreinke.de\/index.php?rest_route=\/wp\/v2\/types\/page"}],"author":[{"embeddable":true,"href":"https:\/\/timoreinke.de\/index.php?rest_route=\/wp\/v2\/users\/1"}],"replies":[{"embeddable":true,"href":"https:\/\/timoreinke.de\/index.php?rest_route=%2Fwp%2Fv2%2Fcomments&post=228"}],"version-history":[{"count":10,"href":"https:\/\/timoreinke.de\/index.php?rest_route=\/wp\/v2\/pages\/228\/revisions"}],"predecessor-version":[{"id":289,"href":"https:\/\/timoreinke.de\/index.php?rest_route=\/wp\/v2\/pages\/228\/revisions\/289"}],"wp:attachment":[{"href":"https:\/\/timoreinke.de\/index.php?rest_route=%2Fwp%2Fv2%2Fmedia&parent=228"}],"curies":[{"name":"wp","href":"https:\/\/api.w.org\/{rel}","templated":true}]}}